{"id":24,"date":"2016-10-21T11:21:06","date_gmt":"2016-10-21T09:21:06","guid":{"rendered":"http:\/\/www.mfgthun.ch\/wordpress\/?page_id=24"},"modified":"2025-03-09T09:39:03","modified_gmt":"2025-03-09T08:39:03","slug":"flugschule","status":"publish","type":"page","link":"https:\/\/mfgthun.ch\/wordpress\/flugschule\/","title":{"rendered":"<p style=\"text-align: left;\">Flugschule<\/p>"},"content":{"rendered":"<div id=\"pl-24\"  class=\"panel-layout\" ><div id=\"pg-24-0\"  class=\"panel-grid panel-no-style\" ><div id=\"pgc-24-0-0\"  class=\"panel-grid-cell\" ><div id=\"panel-24-0-0-0\" class=\"so-panel widget widget_sow-editor panel-first-child panel-last-child\" data-index=\"0\" ><div\n\t\t\t\n\t\t\tclass=\"so-widget-sow-editor so-widget-sow-editor-base\"\n\t\t\t\n\t\t>\n<div class=\"siteorigin-widget-tinymce textwidget\">\n\t<h4 style=\"text-align: left;\"><span class=\"xr_tl\" style=\"color: #000080;\">LERNEN SIE FLIEGEN, EINE ECHTE HERAUSFORDERUNG<\/span><\/h4>\n<p style=\"text-align: left;\"><span class=\"xr_tl xr_s3\">Die Motorfluggruppe Thun unterh\u00e4lt eine Motorflugschule. Wir bilden Flugsch\u00fcler bis zur Erlangung des <\/span><span class=\"xr_tl xr_s3\">Privatpilotenausweises aus.<br \/><\/span><span class=\"xr_tl xr_s3\">Als Weiterbildung schulen wir Piloten auf neue Flugzeugtypen und f\u00fchren auch <\/span><span class=\"xr_tl xr_s3\">Checkfl\u00fcge f\u00fcr die Erneuerung der Fluglizenz durch.<br \/>An einer aviatischen Ausbildung interessierten Kandidaten <\/span><span class=\"xr_tl xr_s3\">bieten wir auch Schnupperfl\u00fcge an.\u00a0 <\/span><\/p>\n<p style=\"text-align: left;\"><span style=\"color: #000080;\"><strong><span class=\"xr_tl xr_s12\">Fliegen lernen bedeutet Freude, Erlebnisse und Faszination!<\/span><\/strong><\/span><\/p>\n<p style=\"text-align: left;\"><span class=\"xr_tl xr_s13\">Aber auch Flexibilit\u00e4t, Konsequenz, Disziplin, Zuverl\u00e4ssigkeit, Verantwortung, Pers\u00f6nlichkeit,\u00a0<br \/><\/span><span class=\"xr_tl xr_s13\">Konzentration, Aufmerksamkeit und Genuss.<\/span><\/p>\n<\/div>\n<\/div><\/div><\/div><\/div><div id=\"pg-24-1\"  class=\"panel-grid panel-no-style\" ><div id=\"pgc-24-1-0\"  class=\"panel-grid-cell panel-grid-cell-empty\" ><\/div><div id=\"pgc-24-1-1\"  class=\"panel-grid-cell panel-grid-cell-mobile-last\" ><div id=\"panel-24-1-1-0\" class=\"so-panel widget widget_media_video panel-first-child panel-last-child\" data-index=\"1\" ><div style=\"width:100%;\" class=\"wp-video\"><!--[if lt IE 9]><script>document.createElement('video');<\/script><![endif]-->\n<video class=\"wp-video-shortcode\" id=\"video-24-1\" preload=\"metadata\" controls=\"controls\"><source type=\"video\/youtube\" src=\"https:\/\/www.youtube.com\/watch?v=PtgaUt6M9f4&#038;_=1\" \/><a href=\"https:\/\/www.youtube.com\/watch?v=PtgaUt6M9f4\">https:\/\/www.youtube.com\/watch?v=PtgaUt6M9f4<\/a><\/video><\/div><\/div><\/div><div id=\"pgc-24-1-2\"  class=\"panel-grid-cell panel-grid-cell-empty\" ><\/div><\/div><div id=\"pg-24-2\"  class=\"panel-grid panel-no-style\" ><div id=\"pgc-24-2-0\"  class=\"panel-grid-cell\" ><div id=\"panel-24-2-0-0\" class=\"so-panel widget widget_sow-editor panel-first-child panel-last-child\" data-index=\"2\" ><div\n\t\t\t\n\t\t\tclass=\"so-widget-sow-editor so-widget-sow-editor-base\"\n\t\t\t\n\t\t>\n<div class=\"siteorigin-widget-tinymce textwidget\">\n\t<p style=\"text-align: left;\"><span style=\"color: #000080;\"><strong><span class=\"xr_tl\">Fliegen lernen?<br \/><\/span><span class=\"xr_tl\">- Kann ich das? <br \/><\/span><span class=\"xr_tl\">- Was braucht es dazu?<\/span><span class=\"xr_tl xr_s3\">\u00a0 <\/span><\/strong><\/span><\/p>\n<p style=\"text-align: left;\"><span class=\"xr_tl xr_s3\">Zur Beantwortung all dieser Fragen bieten wir <\/span><span class=\"xr_tl xr_s14\"><span class=\"xr_s3\">Ihnen interessante <br \/><\/span><span class=\"xr_s11\">Schnupperfl\u00fcge<\/span><\/span><span class=\"xr_tl xr_s3\">\u00a0mit einer konventionellen, <\/span><span class=\"xr_tl xr_s3\">4-pl\u00e4tzigen CESSNA 172<br \/><\/span><span class=\"xr_tl xr_s3\">oder Piper Archer an.<\/span><\/p>\n<p style=\"text-align: left;\"><a href=\"http:\/\/www.mfgthun.ch\/wordpress\/schnupperflug\/\">Mehr Schnupperflug Informationen<\/a><\/p>\n<\/div>\n<\/div><\/div><\/div><div id=\"pgc-24-2-1\"  class=\"panel-grid-cell\" ><div id=\"panel-24-2-1-0\" class=\"so-panel widget widget_sow-image panel-first-child panel-last-child\" data-index=\"3\" ><div\n\t\t\t\n\t\t\tclass=\"so-widget-sow-image so-widget-sow-image-default-3a2476c0e107-24\"\n\t\t\t\n\t\t>\n<div class=\"sow-image-container\">\n\t\t<img \n\tsrc=\"https:\/\/mfgthun.ch\/wordpress\/wp-content\/uploads\/2021\/01\/DSC_0412-scaled.jpg\" width=\"2560\" height=\"1707\" srcset=\"https:\/\/mfgthun.ch\/wordpress\/wp-content\/uploads\/2021\/01\/DSC_0412-scaled.jpg 2560w, https:\/\/mfgthun.ch\/wordpress\/wp-content\/uploads\/2021\/01\/DSC_0412-300x200.jpg 300w, https:\/\/mfgthun.ch\/wordpress\/wp-content\/uploads\/2021\/01\/DSC_0412-1024x683.jpg 1024w, https:\/\/mfgthun.ch\/wordpress\/wp-content\/uploads\/2021\/01\/DSC_0412-768x512.jpg 768w, https:\/\/mfgthun.ch\/wordpress\/wp-content\/uploads\/2021\/01\/DSC_0412-1536x1024.jpg 1536w, https:\/\/mfgthun.ch\/wordpress\/wp-content\/uploads\/2021\/01\/DSC_0412-2048x1365.jpg 2048w, https:\/\/mfgthun.ch\/wordpress\/wp-content\/uploads\/2021\/01\/DSC_0412-272x182.jpg 272w\" sizes=\"(max-width: 2560px) 100vw, 2560px\" title=\"DSC_0412\" alt=\"\" loading=\"lazy\" \t\tclass=\"so-widget-image\"\/>\n\t<\/div>\n\n<\/div><\/div><\/div><\/div><div id=\"pg-24-3\"  class=\"panel-grid panel-no-style\" ><div id=\"pgc-24-3-0\"  class=\"panel-grid-cell\" ><div id=\"panel-24-3-0-0\" class=\"so-panel widget widget_sow-image panel-first-child panel-last-child\" data-index=\"4\" ><div\n\t\t\t\n\t\t\tclass=\"so-widget-sow-image so-widget-sow-image-default-c67d20f9f743-24\"\n\t\t\t\n\t\t>\n<div class=\"sow-image-container\">\n\t\t<img \n\tsrc=\"https:\/\/mfgthun.ch\/wordpress\/wp-content\/uploads\/2021\/01\/DSC_0439-768x512.jpg\" width=\"768\" height=\"512\" srcset=\"https:\/\/mfgthun.ch\/wordpress\/wp-content\/uploads\/2021\/01\/DSC_0439-768x512.jpg 768w, https:\/\/mfgthun.ch\/wordpress\/wp-content\/uploads\/2021\/01\/DSC_0439-300x200.jpg 300w, https:\/\/mfgthun.ch\/wordpress\/wp-content\/uploads\/2021\/01\/DSC_0439-1024x683.jpg 1024w, https:\/\/mfgthun.ch\/wordpress\/wp-content\/uploads\/2021\/01\/DSC_0439-1536x1024.jpg 1536w, https:\/\/mfgthun.ch\/wordpress\/wp-content\/uploads\/2021\/01\/DSC_0439-2048x1365.jpg 2048w, https:\/\/mfgthun.ch\/wordpress\/wp-content\/uploads\/2021\/01\/DSC_0439-272x182.jpg 272w\" sizes=\"(max-width: 768px) 100vw, 768px\" title=\"DSC_0439\" alt=\"\" loading=\"lazy\" \t\tclass=\"so-widget-image\"\/>\n\t<\/div>\n\n<\/div><\/div><\/div><div id=\"pgc-24-3-1\"  class=\"panel-grid-cell\" ><div id=\"panel-24-3-1-0\" class=\"so-panel widget widget_sow-editor panel-first-child\" data-index=\"5\" ><div\n\t\t\t\n\t\t\tclass=\"so-widget-sow-editor so-widget-sow-editor-base\"\n\t\t\t\n\t\t>\n<div class=\"siteorigin-widget-tinymce textwidget\">\n\t<p><span style=\"color: #000080;\"><strong><span class=\"xr_s10\"><span class=\"xr_tl\">Vom Traum zur Wirklichkeit!<\/span><\/span><\/strong><\/span><\/p>\n<p><span class=\"xr_s10\"><span class=\"xr_tl xr_s3\">Fliegen lernen und ... sp\u00e4ter selber als <\/span><span class=\"xr_tl xr_s3\">Privatpilot fliegen, ist eine tolle Herausforderung!\u00a0<\/span><span class=\"xr_tl xr_s3\">Lust zum Fliegen?<\/span><\/span><\/p>\n<p><span class=\"xr_s15\"><span class=\"xr_tl\">Detaillierte Ausbildungsinformationen zum\u00a0<\/span><span class=\"xr_tl\">Downloaden als PDF gibt es hier<\/span><\/span><\/p>\n<\/div>\n<\/div><\/div><div id=\"panel-24-3-1-1\" class=\"so-panel widget widget_sow-image panel-last-child\" data-index=\"6\" ><div class=\"panel-widget-style panel-widget-style-for-24-3-1-1\" ><div\n\t\t\t\n\t\t\tclass=\"so-widget-sow-image so-widget-sow-image-default-4e6925654b7a-24\"\n\t\t\t\n\t\t>\n<div class=\"sow-image-container\">\n\t\t\t<a href=\"http:\/\/mfgthun.ch\/wordpress\/wp-content\/uploads\/2022\/09\/PPL_Ausbildung_2022.pdf\"\n\t\t\ttarget=\"_blank\" rel=\"noopener noreferrer\" \t\t>\n\t\t\t<img \n\tsrc=\"https:\/\/mfgthun.ch\/wordpress\/wp-content\/uploads\/2017\/01\/pdf-icon-e1485327063876.png\" width=\"75\" height=\"75\" sizes=\"(max-width: 75px) 100vw, 75px\" title=\"pdf-icon\" alt=\"\" loading=\"lazy\" \t\tclass=\"so-widget-image\"\/>\n\t\t\t<\/a><\/div>\n\n<\/div><\/div><\/div><\/div><\/div><div id=\"pg-24-4\"  class=\"panel-grid panel-no-style\" ><div id=\"pgc-24-4-0\"  class=\"panel-grid-cell\" ><div id=\"panel-24-4-0-0\" class=\"so-panel widget widget_sow-editor panel-first-child panel-last-child\" data-index=\"7\" ><div\n\t\t\t\n\t\t\tclass=\"so-widget-sow-editor so-widget-sow-editor-base\"\n\t\t\t\n\t\t>\n<div class=\"siteorigin-widget-tinymce textwidget\">\n\t<p style=\"text-align: left;\"><span style=\"color: #000080;\"><strong><span class=\"xr_tl\">Kontakt<\/span><\/strong><\/span><\/p>\n<p style=\"text-align: left;\"><span class=\"xr_tl xr_s3\">Wenn Sie Interesse oder Fragen an einer Privatpilotenausbildung oder einer<br \/>\nanderen fliegerischen Weiterbildung <\/span><span class=\"xr_tl xr_s3\">an unserer Flugschule haben, kontaktieren Sie:<\/span><\/p>\n<p style=\"text-align: left;\"><span class=\"xr_tl xr_s3\">Fluglehrer Daniel Wenger<\/span><span class=\"xr_tl xr_s3\"><strong><span class=\"xr_s11\"><br \/>\n<\/span>P 079 \/ 962 83 91<\/strong><br \/>\n<a href=\"\/\"  class=\"mailcrypt\">wengerdaniel<span><span>\u2202<\/span><\/span>gmx.ch<\/a><\/span><\/p>\n<\/div>\n<\/div><\/div><\/div><\/div><\/div>","protected":false},"excerpt":{"rendered":"<p>LERNEN SIE FLIEGEN, EINE ECHTE HERAUSFORDERUNGDie Motorfluggruppe Thun unterh\u00e4lt eine Motorflugschule. Wir bilden Flugsch\u00fcler bis zur Erlangung des Privatpilotenausweises aus.Als Weiterbildung schulen wir Piloten auf neue Flugzeugtypen und f\u00fchren auch Checkfl\u00fcge f\u00fcr die Erneuerung der Fluglizenz durch.An einer aviatischen Ausbildung &hellip; <a href=\"https:\/\/mfgthun.ch\/wordpress\/flugschule\/\">Continued<\/a><\/p>\n","protected":false},"author":2,"featured_media":0,"parent":0,"menu_order":0,"comment_status":"closed","ping_status":"closed","template":"page-fullwidth.php","meta":{"kt_blocks_editor_width":""},"_links":{"self":[{"href":"https:\/\/mfgthun.ch\/wordpress\/wp-json\/wp\/v2\/pages\/24"}],"collection":[{"href":"https:\/\/mfgthun.ch\/wordpress\/wp-json\/wp\/v2\/pages"}],"about":[{"href":"https:\/\/mfgthun.ch\/wordpress\/wp-json\/wp\/v2\/types\/page"}],"author":[{"embeddable":true,"href":"https:\/\/mfgthun.ch\/wordpress\/wp-json\/wp\/v2\/users\/2"}],"replies":[{"embeddable":true,"href":"https:\/\/mfgthun.ch\/wordpress\/wp-json\/wp\/v2\/comments?post=24"}],"version-history":[{"count":45,"href":"https:\/\/mfgthun.ch\/wordpress\/wp-json\/wp\/v2\/pages\/24\/revisions"}],"predecessor-version":[{"id":5080,"href":"https:\/\/mfgthun.ch\/wordpress\/wp-json\/wp\/v2\/pages\/24\/revisions\/5080"}],"wp:attachment":[{"href":"https:\/\/mfgthun.ch\/wordpress\/wp-json\/wp\/v2\/media?parent=24"}],"curies":[{"name":"wp","href":"https:\/\/api.w.org\/{rel}","templated":true}]}}