{"id":3788,"date":"2017-02-24T20:35:07","date_gmt":"2017-02-24T19:35:07","guid":{"rendered":"http:\/\/www.mfgthun.ch\/wordpress\/?page_id=3788"},"modified":"2023-03-02T19:59:54","modified_gmt":"2023-03-02T18:59:54","slug":"schnupperflug","status":"publish","type":"page","link":"http:\/\/mfgthun.ch\/wordpress\/schnupperflug\/","title":{"rendered":"<p style=\"text-align: left;\">Schnupperflug<\/p>"},"content":{"rendered":"<div id=\"pl-3788\"  class=\"panel-layout\" ><div id=\"pg-3788-0\"  class=\"panel-grid panel-no-style\" ><div id=\"pgc-3788-0-0\"  class=\"panel-grid-cell\" ><div id=\"panel-3788-0-0-0\" class=\"so-panel widget widget_sow-editor panel-first-child panel-last-child\" data-index=\"0\" ><div\n\t\t\t\n\t\t\tclass=\"so-widget-sow-editor so-widget-sow-editor-base\"\n\t\t\t\n\t\t>\n<div class=\"siteorigin-widget-tinymce textwidget\">\n\t<p style=\"text-align: left;\"><span class=\"xr_tl xr_s3\">Ohne Vorkenntnisse und Formalit\u00e4ten k\u00f6nnen Sie sich selber als Pilot versuchen. Nach einer gr\u00fcndlichen<br \/><\/span><span class=\"xr_tl xr_s3\">theoretischen Einf\u00fchrung macht Sie einer unserer Fluglehrer mit dem Flugzeug vertraut und <br \/>begleitet Sie auf <\/span><span class=\"xr_tl xr_s3\">einen halbst\u00fcndigen Flug. Sie fliegen, der Fluglehrer hilft nur bei Bedarf! <\/span><\/p>\n<p style=\"text-align: left;\"><span class=\"xr_tl xr_s3\">Mindestalter: 16 Jahre<br \/><\/span><span class=\"xr_tl xr_s3\">Zeitaufwand: ca. 2 Stunden <br \/><\/span><span class=\"xr_tl xr_s3\">Termin: nach Vereinbarung<\/span><\/p>\n<\/div>\n<\/div><\/div><\/div><\/div><div id=\"pg-3788-1\"  class=\"panel-grid panel-no-style\" ><div id=\"pgc-3788-1-0\"  class=\"panel-grid-cell\" ><div id=\"panel-3788-1-0-0\" class=\"so-panel widget widget_sow-editor panel-first-child\" data-index=\"1\" ><div\n\t\t\t\n\t\t\tclass=\"so-widget-sow-editor so-widget-sow-editor-base\"\n\t\t\t\n\t\t>\n<div class=\"siteorigin-widget-tinymce textwidget\">\n\t<p style=\"text-align: left;\"><span style=\"color: #000080;\"><strong><span class=\"xr_tl xr_s12\">F\u00fcr weitere Ausk\u00fcnfte und ihren Termin <\/span><span class=\"xr_tl xr_s12\">zum Weg ins Cockpit<\/span><\/strong><\/span><\/p>\n<p style=\"text-align: left;\"><span class=\"xr_tl xr_s3\">Fluglehrer Hugo St\u00e4hli<br \/>\nSchadaustrasse 5, 3604 Thun<\/span><span class=\"xr_tl xr_s3\"><strong><span class=\"xr_s11\"><br \/>\n<\/span>P 033 \/ 336 07 04<\/strong> (ab 19:00 Uhr)<br \/>\n<\/span><a href=\"\/\"  class=\"mailcrypt\">hugostaehli1<span><span>\u2202<\/span><\/span>vtxfree.ch<\/a><\/p>\n<p style=\"text-align: left;\"><span class=\"xr_tl xr_s3\">Angebot zum Download als PDF:<\/span><\/p>\n<\/div>\n<\/div><\/div><div id=\"panel-3788-1-0-1\" class=\"so-panel widget widget_sow-image panel-last-child\" data-index=\"2\" ><div\n\t\t\t\n\t\t\tclass=\"so-widget-sow-image so-widget-sow-image-default-4e6925654b7a-3788\"\n\t\t\t\n\t\t>\n<div class=\"sow-image-container\">\n\t\t\t<a href=\"http:\/\/mfgthun.ch\/wordpress\/wp-content\/uploads\/2023\/03\/Schnupperflug-Plakat.pdf\"\n\t\t\ttarget=\"_blank\" rel=\"noopener noreferrer\" \t\t>\n\t\t\t<img \n\tsrc=\"http:\/\/mfgthun.ch\/wordpress\/wp-content\/uploads\/2017\/01\/pdf-icon-e1485327063876.png\" width=\"75\" height=\"75\" sizes=\"(max-width: 75px) 100vw, 75px\" title=\"pdf-icon\" alt=\"\" loading=\"lazy\" \t\tclass=\"so-widget-image\"\/>\n\t\t\t<\/a><\/div>\n\n<\/div><\/div><\/div><div id=\"pgc-3788-1-1\"  class=\"panel-grid-cell\" ><div id=\"panel-3788-1-1-0\" class=\"so-panel widget widget_sow-image panel-first-child panel-last-child\" data-index=\"3\" ><div\n\t\t\t\n\t\t\tclass=\"so-widget-sow-image so-widget-sow-image-default-c67d20f9f743-3788\"\n\t\t\t\n\t\t>\n<div class=\"sow-image-container\">\n\t\t<img \n\tsrc=\"http:\/\/mfgthun.ch\/wordpress\/wp-content\/uploads\/2017\/01\/HB-CIT.jpg\" width=\"570\" height=\"380\" srcset=\"http:\/\/mfgthun.ch\/wordpress\/wp-content\/uploads\/2017\/01\/HB-CIT.jpg 570w, http:\/\/mfgthun.ch\/wordpress\/wp-content\/uploads\/2017\/01\/HB-CIT-300x200.jpg 300w, http:\/\/mfgthun.ch\/wordpress\/wp-content\/uploads\/2017\/01\/HB-CIT-272x182.jpg 272w\" sizes=\"(max-width: 570px) 100vw, 570px\" alt=\"\" loading=\"lazy\" \t\tclass=\"so-widget-image\"\/>\n\t<\/div>\n\n<\/div><\/div><\/div><\/div><\/div>","protected":false},"excerpt":{"rendered":"<p>Ohne Vorkenntnisse und Formalit\u00e4ten k\u00f6nnen Sie sich selber als Pilot versuchen. Nach einer gr\u00fcndlichentheoretischen Einf\u00fchrung macht Sie einer unserer Fluglehrer mit dem Flugzeug vertraut und begleitet Sie auf einen halbst\u00fcndigen Flug. Sie fliegen, der Fluglehrer hilft nur bei Bedarf! Mindestalter: &hellip; <a href=\"http:\/\/mfgthun.ch\/wordpress\/schnupperflug\/\">Continued<\/a><\/p>\n","protected":false},"author":2,"featured_media":0,"parent":0,"menu_order":0,"comment_status":"closed","ping_status":"closed","template":"page-fullwidth.php","meta":{"kt_blocks_editor_width":""},"_links":{"self":[{"href":"http:\/\/mfgthun.ch\/wordpress\/wp-json\/wp\/v2\/pages\/3788"}],"collection":[{"href":"http:\/\/mfgthun.ch\/wordpress\/wp-json\/wp\/v2\/pages"}],"about":[{"href":"http:\/\/mfgthun.ch\/wordpress\/wp-json\/wp\/v2\/types\/page"}],"author":[{"embeddable":true,"href":"http:\/\/mfgthun.ch\/wordpress\/wp-json\/wp\/v2\/users\/2"}],"replies":[{"embeddable":true,"href":"http:\/\/mfgthun.ch\/wordpress\/wp-json\/wp\/v2\/comments?post=3788"}],"version-history":[{"count":25,"href":"http:\/\/mfgthun.ch\/wordpress\/wp-json\/wp\/v2\/pages\/3788\/revisions"}],"predecessor-version":[{"id":4991,"href":"http:\/\/mfgthun.ch\/wordpress\/wp-json\/wp\/v2\/pages\/3788\/revisions\/4991"}],"wp:attachment":[{"href":"http:\/\/mfgthun.ch\/wordpress\/wp-json\/wp\/v2\/media?parent=3788"}],"curies":[{"name":"wp","href":"https:\/\/api.w.org\/{rel}","templated":true}]}}